{"id":122,"date":"2013-09-13T17:57:02","date_gmt":"2013-09-13T17:57:02","guid":{"rendered":"http:\/\/danielwaldschik.de\/wordpress\/?page_id=122"},"modified":"2024-07-25T17:45:56","modified_gmt":"2024-07-25T17:45:56","slug":"lebenslauf","status":"publish","type":"page","link":"https:\/\/danielwaldschik.de\/blog\/lebenslauf\/","title":{"rendered":"Curriculum Vitae"},"content":{"rendered":"\n<p><strong>Berufserfahrung<\/strong><\/p>\n\n\n\n<figure class=\"wp-block-table\"><table><tbody><tr><td class=\"has-text-align-left\" data-align=\"left\" style=\"width:150px\">03\/2024 \u2013 heute<\/td><td class=\"has-text-align-left\" data-align=\"left\"><strong>Pressesprecher und Referent Presse-\/\u00d6ffentlichkeitsarbeit<\/strong><br>BKK Linde<\/td><\/tr><tr><td class=\"has-text-align-left\" data-align=\"left\" style=\"width:150px\">04\/2018 \u2013 02\/2024<\/td><td class=\"has-text-align-left\" data-align=\"left\"><strong>Pressesprecher und Referent Kommunikation<\/strong><br>Bundesverband M\u00f6belspedition und Logistik (AM\u00d6) e.V.<\/td><\/tr><tr><td class=\"has-text-align-left\" data-align=\"left\">04\/2015 \u2013 03\/2018<\/td><td class=\"has-text-align-left\" data-align=\"left\"><strong>Verbraucherjournalist<\/strong><br>\u00d6KO-TEST Verlag GmbH<br>Testredaktion<\/td><\/tr><tr><td class=\"has-text-align-left\" data-align=\"left\">03\/2013 \u2013 02\/2015<\/td><td class=\"has-text-align-left\" data-align=\"left\"><strong>Volontariat Tageszeitung<\/strong><br>Frankfurter Societ\u00e4tsmedien GmbH<br>Frankfurter Neue Presse<\/td><\/tr><tr><td class=\"has-text-align-left\" data-align=\"left\">10\/2010 \u2013 02\/2013<\/td><td class=\"has-text-align-left\" data-align=\"left\"><strong>Journalist: Freier Mitarbeiter<\/strong><br>Verlagsgruppe Rhein Main<br>Wiesbadener Kurier<\/td><\/tr><tr><td class=\"has-text-align-left\" data-align=\"left\">07\/2009 \u2013 04\/2010<\/td><td class=\"has-text-align-left\" data-align=\"left\">Frankfurter Societ\u00e4tsmedien GmbH<br>Frankfurter Neue Presse<\/td><\/tr><tr><td class=\"has-text-align-left\" data-align=\"left\">01\/2004 \u2013 09\/2009<\/td><td class=\"has-text-align-left\" data-align=\"left\"><strong>Steuerfachangestellter<\/strong><br>Steuerberater Rosemarie He\u00df<br>Kronthaler Stra\u00dfe 49<br>61462 K\u00f6nigstein<\/td><\/tr><\/tbody><\/table><\/figure>\n\n\n\n<p><strong>Studium<\/strong><\/p>\n\n\n\n<figure class=\"wp-block-table\"><table><tbody><tr><td class=\"has-text-align-left\" data-align=\"left\" style=\"width:150px\">10\/2009 \u2013 01\/2013<\/td><td class=\"has-text-align-left\" data-align=\"left\"><strong>Studium<\/strong><br>Johannes Gutenberg-Universit\u00e4t Mainz<br>Hauptfach: Politikwissenschaft<br>Beifach: Publizistikwissenschaft<\/td><\/tr><\/tbody><\/table><\/figure>\n\n\n\n<p><strong>Berufsausbildung<\/strong><\/p>\n\n\n\n<figure class=\"wp-block-table\"><table><tbody><tr><td class=\"has-text-align-left\" data-align=\"left\" style=\"width:150px\">01\/2004<\/td><td class=\"has-text-align-left\" data-align=\"left\"><strong>Abschlusspr\u00fcfung<\/strong><br>Erwerb Steuerfachangestellten-Brief<\/td><\/tr><tr><td class=\"has-text-align-left\" data-align=\"left\">09\/2001 \u2013 01\/2004<\/td><td class=\"has-text-align-left\" data-align=\"left\"><strong>Ausbildung zum Steuerfachangestellten<\/strong><br>Steuerberater Rosemarie He\u00df<br>Kronthaler Stra\u00dfe 49<br>61462 K\u00f6nigstein<\/td><\/tr><\/tbody><\/table><\/figure>\n\n\n\n<p><strong>Hospitationen<\/strong><\/p>\n\n\n\n<figure class=\"wp-block-table\"><table><tbody><tr><td class=\"has-text-align-left\" data-align=\"left\"  style=\"width:150px\">08\/2011 \u2013 10\/2011<\/td><td class=\"has-text-align-left\" data-align=\"left\"><strong>Zweites Deutsches Fernsehen (ZDF)<\/strong><br>Redaktion \u201eL\u00e4nderspiegel\u201c<\/td><\/tr><\/tbody><\/table><\/figure>\n\n\n\n<p><strong>Redaktionspraktika<\/strong><\/p>\n\n\n\n<figure class=\"wp-block-table\"><table><tbody><tr><td class=\"has-text-align-left\" data-align=\"left\"  style=\"width:150px\">02\/2011 \u2013 04\/2011<\/td><td class=\"has-text-align-left\" data-align=\"left\"><strong>Frankfurter Rundschau<\/strong><br>Lokalredaktion Hofheim\/Ts.<br>Stadtredaktion Wiesbaden<\/td><\/tr><tr><td class=\"has-text-align-left\" data-align=\"left\">06\/2009 \u2013 07\/2009<\/td><td class=\"has-text-align-left\" data-align=\"left\"><strong>Frankfurter Societ\u00e4tsmedien GmbH<\/strong><br>Frankfurter Neue Presse<\/td><\/tr><\/tbody><\/table><\/figure>\n\n\n\n<p><strong>Besondere Kenntnisse<\/strong><\/p>\n\n\n\n<figure class=\"wp-block-table\"><table><tbody><tr><td class=\"has-text-align-left\" data-align=\"left\"  style=\"width:150px\">Sprachen<\/td><td class=\"has-text-align-left\" data-align=\"left\">Englisch: gut<br>Spanisch: ausreichend<\/td><\/tr><tr><td class=\"has-text-align-left\" data-align=\"left\">Interviews geben<\/td><td class=\"has-text-align-left\" data-align=\"left\">Print\/Online, Radio, TV<\/td><\/tr><tr><td class=\"has-text-align-left\" data-align=\"left\">EDV-Kenntnisse<\/td><td class=\"has-text-align-left\" data-align=\"left\">Anwenderkenntnisse: MS-Office, diverse CMS (WordPress, Typo3)<br>Grundkenntnisse: Video-, Audio- und Bildbearbeitungstools, HTML, CSS<\/td><\/tr><\/tbody><\/table><\/figure>\n\n\n\n<p><strong>Interessen<\/strong><\/p>\n\n\n\n<figure class=\"wp-block-table\"><table><tbody><tr><td class=\"has-text-align-left\" data-align=\"left\"  style=\"width:150px\">Sport<\/td><td class=\"has-text-align-left\" data-align=\"left\">Tauchen, Ausdauersport (Laufen, Radfahren), High Intensity Training<\/td><\/tr><tr><td class=\"has-text-align-left\" data-align=\"left\">Weitere<\/td><td class=\"has-text-align-left\" data-align=\"left\">Fotografie\/Video, Politik und Zeitgeschehen<\/td><\/tr><\/tbody><\/table><\/figure>\n","protected":false},"excerpt":{"rendered":"<p>Berufserfahrung 03\/2024 \u2013 heute Pressesprecher und Referent Presse-\/\u00d6ffentlichkeitsarbeitBKK Linde 04\/2018 \u2013 02\/2024 Pressesprecher und Referent KommunikationBundesverband M\u00f6belspedition und Logistik (AM\u00d6) e.V. 04\/2015 \u2013 03\/2018 Verbraucherjournalist\u00d6KO-TEST Verlag GmbHTestredaktion 03\/2013 \u2013 02\/2015 Volontariat TageszeitungFrankfurter Societ\u00e4tsmedien GmbHFrankfurter Neue Presse 10\/2010 \u2013 02\/2013 Journalist: Freier MitarbeiterVerlagsgruppe Rhein MainWiesbadener Kurier 07\/2009 \u2013 04\/2010 Frankfurter Societ\u00e4tsmedien GmbHFrankfurter Neue Presse 01\/2004 \u2013<\/p>\n<p><a href=\"https:\/\/danielwaldschik.de\/blog\/lebenslauf\/\" class=\"more-link themebutton\">Weiterlesen<\/a><\/p>\n","protected":false},"author":1,"featured_media":0,"parent":0,"menu_order":3,"comment_status":"closed","ping_status":"closed","template":"","meta":{"footnotes":""},"class_list":["post-122","page","type-page","status-publish","hentry"],"yoast_head":"<!-- This site is optimized with the Yoast SEO plugin v20.9 - https:\/\/yoast.com\/wordpress\/plugins\/seo\/ -->\n<title>Curriculum Vitae - Daniel Waldschik<\/title>\n<meta name=\"description\" content=\"Vom Steuerfachangestellten zu seiner heutigen Berufung: Hier finden Sie den Lebenslauf des Journalisten Daniel Waldschik - vollst\u00e4ndig und l\u00fcckenlos.\" \/>\n<meta name=\"robots\" content=\"index, follow, max-snippet:-1, max-image-preview:large, max-video-preview:-1\" \/>\n<link rel=\"canonical\" href=\"https:\/\/danielwaldschik.de\/blog\/lebenslauf\/\" \/>\n<meta property=\"og:locale\" content=\"de_DE\" \/>\n<meta property=\"og:type\" content=\"article\" \/>\n<meta property=\"og:title\" content=\"Curriculum Vitae - Daniel Waldschik\" \/>\n<meta property=\"og:description\" content=\"Vom Steuerfachangestellten zu seiner heutigen Berufung: Hier finden Sie den Lebenslauf des Journalisten Daniel Waldschik - vollst\u00e4ndig und l\u00fcckenlos.\" \/>\n<meta property=\"og:url\" content=\"https:\/\/danielwaldschik.de\/blog\/lebenslauf\/\" \/>\n<meta property=\"og:site_name\" content=\"Daniel Waldschik\" \/>\n<meta property=\"article:modified_time\" content=\"2024-07-25T17:45:56+00:00\" \/>\n<meta name=\"twitter:label1\" content=\"Gesch\u00e4tzte Lesezeit\" \/>\n\t<meta name=\"twitter:data1\" content=\"1\u00a0Minute\" \/>\n<script type=\"application\/ld+json\" class=\"yoast-schema-graph\">{\"@context\":\"https:\/\/schema.org\",\"@graph\":[{\"@type\":\"WebPage\",\"@id\":\"https:\/\/danielwaldschik.de\/blog\/lebenslauf\/\",\"url\":\"https:\/\/danielwaldschik.de\/blog\/lebenslauf\/\",\"name\":\"Curriculum Vitae - Daniel Waldschik\",\"isPartOf\":{\"@id\":\"https:\/\/danielwaldschik.de\/blog\/#website\"},\"datePublished\":\"2013-09-13T17:57:02+00:00\",\"dateModified\":\"2024-07-25T17:45:56+00:00\",\"description\":\"Vom Steuerfachangestellten zu seiner heutigen Berufung: Hier finden Sie den Lebenslauf des Journalisten Daniel Waldschik - vollst\u00e4ndig und l\u00fcckenlos.\",\"inLanguage\":\"de\",\"potentialAction\":[{\"@type\":\"ReadAction\",\"target\":[\"https:\/\/danielwaldschik.de\/blog\/lebenslauf\/\"]}]},{\"@type\":\"WebSite\",\"@id\":\"https:\/\/danielwaldschik.de\/blog\/#website\",\"url\":\"https:\/\/danielwaldschik.de\/blog\/\",\"name\":\"Daniel Waldschik\",\"description\":\"\",\"potentialAction\":[{\"@type\":\"SearchAction\",\"target\":{\"@type\":\"EntryPoint\",\"urlTemplate\":\"https:\/\/danielwaldschik.de\/blog\/?s={search_term_string}\"},\"query-input\":\"required name=search_term_string\"}],\"inLanguage\":\"de\"}]}<\/script>\n<!-- \/ Yoast SEO plugin. -->","yoast_head_json":{"title":"Curriculum Vitae - Daniel Waldschik","description":"Vom Steuerfachangestellten zu seiner heutigen Berufung: Hier finden Sie den Lebenslauf des Journalisten Daniel Waldschik - vollst\u00e4ndig und l\u00fcckenlos.","robots":{"index":"index","follow":"follow","max-snippet":"max-snippet:-1","max-image-preview":"max-image-preview:large","max-video-preview":"max-video-preview:-1"},"canonical":"https:\/\/danielwaldschik.de\/blog\/lebenslauf\/","og_locale":"de_DE","og_type":"article","og_title":"Curriculum Vitae - Daniel Waldschik","og_description":"Vom Steuerfachangestellten zu seiner heutigen Berufung: Hier finden Sie den Lebenslauf des Journalisten Daniel Waldschik - vollst\u00e4ndig und l\u00fcckenlos.","og_url":"https:\/\/danielwaldschik.de\/blog\/lebenslauf\/","og_site_name":"Daniel Waldschik","article_modified_time":"2024-07-25T17:45:56+00:00","twitter_misc":{"Gesch\u00e4tzte Lesezeit":"1\u00a0Minute"},"schema":{"@context":"https:\/\/schema.org","@graph":[{"@type":"WebPage","@id":"https:\/\/danielwaldschik.de\/blog\/lebenslauf\/","url":"https:\/\/danielwaldschik.de\/blog\/lebenslauf\/","name":"Curriculum Vitae - Daniel Waldschik","isPartOf":{"@id":"https:\/\/danielwaldschik.de\/blog\/#website"},"datePublished":"2013-09-13T17:57:02+00:00","dateModified":"2024-07-25T17:45:56+00:00","description":"Vom Steuerfachangestellten zu seiner heutigen Berufung: Hier finden Sie den Lebenslauf des Journalisten Daniel Waldschik - vollst\u00e4ndig und l\u00fcckenlos.","inLanguage":"de","potentialAction":[{"@type":"ReadAction","target":["https:\/\/danielwaldschik.de\/blog\/lebenslauf\/"]}]},{"@type":"WebSite","@id":"https:\/\/danielwaldschik.de\/blog\/#website","url":"https:\/\/danielwaldschik.de\/blog\/","name":"Daniel Waldschik","description":"","potentialAction":[{"@type":"SearchAction","target":{"@type":"EntryPoint","urlTemplate":"https:\/\/danielwaldschik.de\/blog\/?s={search_term_string}"},"query-input":"required name=search_term_string"}],"inLanguage":"de"}]}},"_links":{"self":[{"href":"https:\/\/danielwaldschik.de\/blog\/wp-json\/wp\/v2\/pages\/122","targetHints":{"allow":["GET"]}}],"collection":[{"href":"https:\/\/danielwaldschik.de\/blog\/wp-json\/wp\/v2\/pages"}],"about":[{"href":"https:\/\/danielwaldschik.de\/blog\/wp-json\/wp\/v2\/types\/page"}],"author":[{"embeddable":true,"href":"https:\/\/danielwaldschik.de\/blog\/wp-json\/wp\/v2\/users\/1"}],"replies":[{"embeddable":true,"href":"https:\/\/danielwaldschik.de\/blog\/wp-json\/wp\/v2\/comments?post=122"}],"version-history":[{"count":202,"href":"https:\/\/danielwaldschik.de\/blog\/wp-json\/wp\/v2\/pages\/122\/revisions"}],"predecessor-version":[{"id":2598,"href":"https:\/\/danielwaldschik.de\/blog\/wp-json\/wp\/v2\/pages\/122\/revisions\/2598"}],"wp:attachment":[{"href":"https:\/\/danielwaldschik.de\/blog\/wp-json\/wp\/v2\/media?parent=122"}],"curies":[{"name":"wp","href":"https:\/\/api.w.org\/{rel}","templated":true}]}}